{"id":1907,"date":"2023-10-08T12:08:45","date_gmt":"2023-10-08T12:08:45","guid":{"rendered":"http:\/\/billdals.se\/?page_id=1907"},"modified":"2023-10-13T06:21:53","modified_gmt":"2023-10-13T06:21:53","slug":"utekok","status":"publish","type":"page","link":"https:\/\/billdals.se\/en\/outdoor-cooking\/","title":{"rendered":"Outdoor kitchen"},"content":{"rendered":"<div data-elementor-type=\"wp-page\" data-elementor-id=\"1907\" class=\"elementor elementor-1907\" data-elementor-post-type=\"page\">\n\t\t\t\t\t\t\t\t\t<section class=\"elementor-section elementor-top-section elementor-element elementor-element-40e1afc elementor-section-height-min-height elementor-section-boxed elementor-section-height-default elementor-section-items-middle\" data-id=\"40e1afc\" data-element_type=\"section\" data-settings=\"{&quot;background_background&quot;:&quot;classic&quot;}\">\n\t\t\t\t\t\t\t<div class=\"elementor-background-overlay\"><\/div>\n\t\t\t\t\t\t\t<div class=\"elementor-container elementor-column-gap-default\">\n\t\t\t\t\t<div class=\"elementor-column elementor-col-100 elementor-top-column elementor-element elementor-element-48bd75d\" data-id=\"48bd75d\" data-element_type=\"column\">\n\t\t\t<div class=\"elementor-widget-wrap elementor-element-populated\">\n\t\t\t\t\t\t\t\t\t<\/div>\n\t\t<\/div>\n\t\t\t\t\t\t\t<\/div>\n\t\t<\/section>\n\t\t\t\t<section class=\"elementor-section elementor-top-section elementor-element elementor-element-2406d65 elementor-section-height-min-height elementor-reverse-tablet elementor-reverse-mobile elementor-section-boxed elementor-section-height-default elementor-section-items-middle\" data-id=\"2406d65\" data-element_type=\"section\">\n\t\t\t\t\t\t<div class=\"elementor-container elementor-column-gap-no\">\n\t\t\t\t\t<div class=\"elementor-column elementor-col-50 elementor-top-column elementor-element elementor-element-65aa158\" data-id=\"65aa158\" data-element_type=\"column\">\n\t\t\t<div class=\"elementor-widget-wrap elementor-element-populated\">\n\t\t\t\t\t\t\t\t<div class=\"elementor-element elementor-element-7af3b34 elementor-skin-carousel elementor-arrows-yes elementor-pagination-type-bullets elementor-pagination-position-outside elementor-widget elementor-widget-media-carousel\" data-id=\"7af3b34\" data-element_type=\"widget\" data-settings=\"{&quot;effect&quot;:&quot;fade&quot;,&quot;skin&quot;:&quot;carousel&quot;,&quot;show_arrows&quot;:&quot;yes&quot;,&quot;pagination&quot;:&quot;bullets&quot;,&quot;speed&quot;:500,&quot;autoplay&quot;:&quot;yes&quot;,&quot;autoplay_speed&quot;:5000,&quot;loop&quot;:&quot;yes&quot;,&quot;pause_on_hover&quot;:&quot;yes&quot;,&quot;pause_on_interaction&quot;:&quot;yes&quot;,&quot;space_between&quot;:{&quot;unit&quot;:&quot;px&quot;,&quot;size&quot;:10,&quot;sizes&quot;:[]},&quot;space_between_tablet&quot;:{&quot;unit&quot;:&quot;px&quot;,&quot;size&quot;:10,&quot;sizes&quot;:[]},&quot;space_between_mobile&quot;:{&quot;unit&quot;:&quot;px&quot;,&quot;size&quot;:10,&quot;sizes&quot;:[]}}\" data-widget_type=\"media-carousel.default\">\n\t\t\t\t<div class=\"elementor-widget-container\">\n\t\t\t\t\t<div class=\"elementor-swiper\">\n\t\t\t<div class=\"elementor-main-swiper swiper-container\">\n\t\t\t\t<div class=\"swiper-wrapper\">\n\t\t\t\t\t\t\t\t\t\t\t<div class=\"swiper-slide\">\n\t\t\t\t\t\t\t\t\t<div class=\"elementor-carousel-image\" role=\"img\" aria-label=\"DSC06275\" style=\"background-image: url(&#039;https:\/\/billdals.se\/wp-content\/uploads\/2023\/10\/DSC06275.jpg&#039;)\">\n\n\t\t\t\n\t\t\t\t\t<\/div>\n\t\t\t\t\t\t\t\t<\/div>\n\t\t\t\t\t\t\t\t\t\t\t<div class=\"swiper-slide\">\n\t\t\t\t\t\t\t\t\t<div class=\"elementor-carousel-image\" role=\"img\" aria-label=\"DSC06295\" style=\"background-image: url(&#039;https:\/\/billdals.se\/wp-content\/uploads\/2023\/10\/DSC06295.jpg&#039;)\">\n\n\t\t\t\n\t\t\t\t\t<\/div>\n\t\t\t\t\t\t\t\t<\/div>\n\t\t\t\t\t\t\t\t\t\t\t<div class=\"swiper-slide\">\n\t\t\t\t\t\t\t\t\t<div class=\"elementor-carousel-image\" role=\"img\" aria-label=\"DSC06693\" style=\"background-image: url(&#039;https:\/\/billdals.se\/wp-content\/uploads\/2023\/10\/DSC06693.jpg&#039;)\">\n\n\t\t\t\n\t\t\t\t\t<\/div>\n\t\t\t\t\t\t\t\t<\/div>\n\t\t\t\t\t\t\t\t\t\t\t<div class=\"swiper-slide\">\n\t\t\t\t\t\t\t\t\t<div class=\"elementor-carousel-image\" role=\"img\" aria-label=\"DSC06696\" style=\"background-image: url(&#039;https:\/\/billdals.se\/wp-content\/uploads\/2023\/10\/DSC06696.jpg&#039;)\">\n\n\t\t\t\n\t\t\t\t\t<\/div>\n\t\t\t\t\t\t\t\t<\/div>\n\t\t\t\t\t\t\t\t\t\t\t<div class=\"swiper-slide\">\n\t\t\t\t\t\t\t\t\t<div class=\"elementor-carousel-image\" role=\"img\" aria-label=\"DSC06700\" style=\"background-image: url(&#039;https:\/\/billdals.se\/wp-content\/uploads\/2023\/10\/DSC06700.jpg&#039;)\">\n\n\t\t\t\n\t\t\t\t\t<\/div>\n\t\t\t\t\t\t\t\t<\/div>\n\t\t\t\t\t\t\t\t\t\t\t<div class=\"swiper-slide\">\n\t\t\t\t\t\t\t\t\t<div class=\"elementor-carousel-image\" role=\"img\" aria-label=\"DSC06702\" style=\"background-image: url(&#039;https:\/\/billdals.se\/wp-content\/uploads\/2023\/10\/DSC06702.jpg&#039;)\">\n\n\t\t\t\n\t\t\t\t\t<\/div>\n\t\t\t\t\t\t\t\t<\/div>\n\t\t\t\t\t\t\t\t\t\t\t<div class=\"swiper-slide\">\n\t\t\t\t\t\t\t\t\t<div class=\"elementor-carousel-image\" role=\"img\" aria-label=\"outdoor kitchen 2\" style=\"background-image: url(&#039;https:\/\/billdals.se\/wp-content\/uploads\/2023\/10\/utekok-2.jpg&#039;)\">\n\n\t\t\t\n\t\t\t\t\t<\/div>\n\t\t\t\t\t\t\t\t<\/div>\n\t\t\t\t\t\t\t\t\t\t\t<div class=\"swiper-slide\">\n\t\t\t\t\t\t\t\t\t<div class=\"elementor-carousel-image\" role=\"img\" aria-label=\"outdoor kitchen\" style=\"background-image: url(&#039;https:\/\/billdals.se\/wp-content\/uploads\/2023\/10\/utekok.jpg&#039;)\">\n\n\t\t\t\n\t\t\t\t\t<\/div>\n\t\t\t\t\t\t\t\t<\/div>\n\t\t\t\t\t\t\t\t\t\t\t<div class=\"swiper-slide\">\n\t\t\t\t\t\t\t\t\t<div class=\"elementor-carousel-image\" role=\"img\" aria-label=\"Outdoor kitchen-grill\" style=\"background-image: url(&#039;https:\/\/billdals.se\/wp-content\/uploads\/2023\/10\/Utekok-grill.jpg&#039;)\">\n\n\t\t\t\n\t\t\t\t\t<\/div>\n\t\t\t\t\t\t\t\t<\/div>\n\t\t\t\t\t\t\t\t\t\t\t<div class=\"swiper-slide\">\n\t\t\t\t\t\t\t\t\t<div class=\"elementor-carousel-image\" role=\"img\" aria-label=\"Outdoor kitchen-2\" style=\"background-image: url(&#039;https:\/\/billdals.se\/wp-content\/uploads\/2023\/10\/Utekok-2-1.jpg&#039;)\">\n\n\t\t\t\n\t\t\t\t\t<\/div>\n\t\t\t\t\t\t\t\t<\/div>\n\t\t\t\t\t\t\t\t\t<\/div>\n\t\t\t\t\t\t\t\t\t\t\t\t\t\t\t<div class=\"swiper-pagination\"><\/div>\n\t\t\t\t\t\t\t\t\t\t\t\t\t\t\t\t<div class=\"elementor-swiper-button elementor-swiper-button-prev\" role=\"button\" tabindex=\"0\">\n\t\t\t\t\t\t\t<i aria-hidden=\"true\" class=\"eicon-chevron-left\"><\/i>\t\t\t\t\t\t\t<span class=\"elementor-screen-only\">Previous<\/span>\n\t\t\t\t\t\t<\/div>\n\t\t\t\t\t\t<div class=\"elementor-swiper-button elementor-swiper-button-next\" role=\"button\" tabindex=\"0\">\n\t\t\t\t\t\t\t<i aria-hidden=\"true\" class=\"eicon-chevron-right\"><\/i>\t\t\t\t\t\t\t<span class=\"elementor-screen-only\">Next<\/span>\n\t\t\t\t\t\t<\/div>\n\t\t\t\t\t\t\t\t\t\t\t\t<\/div>\n\t\t<\/div>\n\t\t\t\t<\/div>\n\t\t\t\t<\/div>\n\t\t\t\t\t<\/div>\n\t\t<\/div>\n\t\t\t\t<div class=\"elementor-column elementor-col-50 elementor-top-column elementor-element elementor-element-6cedb25\" data-id=\"6cedb25\" data-element_type=\"column\">\n\t\t\t<div class=\"elementor-widget-wrap elementor-element-populated\">\n\t\t\t\t\t\t\t\t<div class=\"elementor-element elementor-element-4a6a220 elementor-widget elementor-widget-text-editor\" data-id=\"4a6a220\" data-element_type=\"widget\" data-widget_type=\"text-editor.default\">\n\t\t\t\t<div class=\"elementor-widget-container\">\n\t\t\t\t\t\t\t<p>An outdoor kitchen is not just a place where food is prepared \u2013 it is a lifestyle and a place where family and friends gather to enjoy good food and good company under the open sky. With us, we understand the importance of creating an outdoor kitchen that fits perfectly into your lifestyle and outdoor environment.<\/p><p>We specialize in designing and building custom outdoor kitchens that meet your unique needs and desires. Whether you dream of a compact kitchen for simpler meals or a fully equipped cooking station with grill, stove and work surfaces, we have the skills to make your vision a reality.<\/p><p>Our experienced designers and skilled craftsmen work together to create an outdoor kitchen solution that is not only functional, but also aesthetically pleasing. We take into account your garden design and your personal preferences to create a kitchen that blends into your outdoor environment and becomes an integral part of your space.<\/p><p>Contact us today to discuss your outdoor kitchen visions.<\/p>\t\t\t\t\t\t<\/div>\n\t\t\t\t<\/div>\n\t\t\t\t<div class=\"elementor-element elementor-element-7bfc5a2 elementor-align-justify elementor-widget elementor-widget-button\" data-id=\"7bfc5a2\" data-element_type=\"widget\" data-widget_type=\"button.default\">\n\t\t\t\t<div class=\"elementor-widget-container\">\n\t\t\t\t\t<div class=\"elementor-button-wrapper\">\n\t\t\t<a class=\"elementor-button elementor-button-link elementor-size-md\" href=\"https:\/\/billdals.se\/en\/contact\/\">\n\t\t\t\t\t\t<span class=\"elementor-button-content-wrapper\">\n\t\t\t\t\t\t<span class=\"elementor-button-text\">Contact Us <\/span>\n\t\t<\/span>\n\t\t\t\t\t<\/a>\n\t\t<\/div>\n\t\t\t\t<\/div>\n\t\t\t\t<\/div>\n\t\t\t\t\t<\/div>\n\t\t<\/div>\n\t\t\t\t\t\t\t<\/div>\n\t\t<\/section>\n\t\t\t\t\t\t\t<\/div>","protected":false},"excerpt":{"rendered":"<p>Previous Next An outdoor kitchen is not just a place where food is prepared \u2013 it is a lifestyle and a place where family and friends gather to enjoy good food and good company under the open sky. With us, we understand the importance of creating an outdoor kitchen that fits perfectly into your lifestyle and [...]<\/p>","protected":false},"author":1,"featured_media":0,"parent":0,"menu_order":0,"comment_status":"closed","ping_status":"closed","template":"","meta":{"footnotes":""},"class_list":["post-1907","page","type-page","status-publish","hentry","entry"],"acf":[],"yoast_head":"<!-- This site is optimized with the Yoast SEO plugin v21.4 - https:\/\/yoast.com\/wordpress\/plugins\/seo\/ -->\n<title>Utek\u00f6k - Billdals<\/title>\n<meta name=\"robots\" content=\"index, follow, max-snippet:-1, max-image-preview:large, max-video-preview:-1\" \/>\n<link rel=\"canonical\" href=\"https:\/\/billdals.se\/en\/outdoor-cooking\/\" \/>\n<meta property=\"og:locale\" content=\"en_US\" \/>\n<meta property=\"og:type\" content=\"article\" \/>\n<meta property=\"og:title\" content=\"Utek\u00f6k - Billdals\" \/>\n<meta property=\"og:description\" content=\"Previous Next Ett utomhusk\u00f6k \u00e4r inte bara en plats d\u00e4r maten tillagas &#8211; det \u00e4r en livsstil och en plats d\u00e4r familj och v\u00e4nner samlas f\u00f6r att njuta av god mat och trevligt s\u00e4llskap under \u00f6ppen himmel. Hos oss f\u00f6rst\u00e5r vi vikten av att skapa ett utomhusk\u00f6k som passar perfekt in i din livsstil och [&hellip;]\" \/>\n<meta property=\"og:url\" content=\"https:\/\/billdals.se\/en\/outdoor-cooking\/\" \/>\n<meta property=\"og:site_name\" content=\"Billdals\" \/>\n<meta property=\"article:modified_time\" content=\"2023-10-13T06:21:53+00:00\" \/>\n<meta name=\"twitter:card\" content=\"summary_large_image\" \/>\n<meta name=\"twitter:label1\" content=\"Est. reading time\" \/>\n\t<meta name=\"twitter:data1\" content=\"1 minute\" \/>\n<script type=\"application\/ld+json\" class=\"yoast-schema-graph\">{\"@context\":\"https:\/\/schema.org\",\"@graph\":[{\"@type\":\"WebPage\",\"@id\":\"https:\/\/billdals.se\/en\/outdoor-cooking\/\",\"url\":\"https:\/\/billdals.se\/en\/outdoor-cooking\/\",\"name\":\"Utek\u00f6k - Billdals\",\"isPartOf\":{\"@id\":\"https:\/\/billdals.se\/sv\/#website\"},\"datePublished\":\"2023-10-08T12:08:45+00:00\",\"dateModified\":\"2023-10-13T06:21:53+00:00\",\"breadcrumb\":{\"@id\":\"https:\/\/billdals.se\/en\/outdoor-cooking\/#breadcrumb\"},\"inLanguage\":\"en-AU\",\"potentialAction\":[{\"@type\":\"ReadAction\",\"target\":[\"https:\/\/billdals.se\/en\/outdoor-cooking\/\"]}]},{\"@type\":\"BreadcrumbList\",\"@id\":\"https:\/\/billdals.se\/en\/outdoor-cooking\/#breadcrumb\",\"itemListElement\":[{\"@type\":\"ListItem\",\"position\":1,\"name\":\"Home\",\"item\":\"https:\/\/billdals.se\/\"},{\"@type\":\"ListItem\",\"position\":2,\"name\":\"Utek\u00f6k\"}]},{\"@type\":\"WebSite\",\"@id\":\"https:\/\/billdals.se\/sv\/#website\",\"url\":\"https:\/\/billdals.se\/sv\/\",\"name\":\"Billdals\",\"description\":\"\",\"publisher\":{\"@id\":\"https:\/\/billdals.se\/sv\/#organization\"},\"potentialAction\":[{\"@type\":\"SearchAction\",\"target\":{\"@type\":\"EntryPoint\",\"urlTemplate\":\"https:\/\/billdals.se\/sv\/?s={search_term_string}\"},\"query-input\":\"required name=search_term_string\"}],\"inLanguage\":\"en-AU\"},{\"@type\":\"Organization\",\"@id\":\"https:\/\/billdals.se\/sv\/#organization\",\"name\":\"Billdals\",\"url\":\"https:\/\/billdals.se\/sv\/\",\"logo\":{\"@type\":\"ImageObject\",\"inLanguage\":\"en-AU\",\"@id\":\"https:\/\/billdals.se\/sv\/#\/schema\/logo\/image\/\",\"url\":\"https:\/\/billdals.se\/wp-content\/uploads\/2023\/09\/cropped-billdals_gron_botten.png\",\"contentUrl\":\"https:\/\/billdals.se\/wp-content\/uploads\/2023\/09\/cropped-billdals_gron_botten.png\",\"width\":512,\"height\":512,\"caption\":\"Billdals\"},\"image\":{\"@id\":\"https:\/\/billdals.se\/sv\/#\/schema\/logo\/image\/\"}}]}<\/script>\n<!-- \/ Yoast SEO plugin. -->","yoast_head_json":{"title":"Utek\u00f6k - Billdals","robots":{"index":"index","follow":"follow","max-snippet":"max-snippet:-1","max-image-preview":"max-image-preview:large","max-video-preview":"max-video-preview:-1"},"canonical":"https:\/\/billdals.se\/en\/outdoor-cooking\/","og_locale":"en_US","og_type":"article","og_title":"Utek\u00f6k - Billdals","og_description":"Previous Next Ett utomhusk\u00f6k \u00e4r inte bara en plats d\u00e4r maten tillagas &#8211; det \u00e4r en livsstil och en plats d\u00e4r familj och v\u00e4nner samlas f\u00f6r att njuta av god mat och trevligt s\u00e4llskap under \u00f6ppen himmel. Hos oss f\u00f6rst\u00e5r vi vikten av att skapa ett utomhusk\u00f6k som passar perfekt in i din livsstil och [&hellip;]","og_url":"https:\/\/billdals.se\/en\/outdoor-cooking\/","og_site_name":"Billdals","article_modified_time":"2023-10-13T06:21:53+00:00","twitter_card":"summary_large_image","twitter_misc":{"Est. reading time":"1 minute"},"schema":{"@context":"https:\/\/schema.org","@graph":[{"@type":"WebPage","@id":"https:\/\/billdals.se\/en\/outdoor-cooking\/","url":"https:\/\/billdals.se\/en\/outdoor-cooking\/","name":"Utek\u00f6k - Billdals","isPartOf":{"@id":"https:\/\/billdals.se\/sv\/#website"},"datePublished":"2023-10-08T12:08:45+00:00","dateModified":"2023-10-13T06:21:53+00:00","breadcrumb":{"@id":"https:\/\/billdals.se\/en\/outdoor-cooking\/#breadcrumb"},"inLanguage":"en-AU","potentialAction":[{"@type":"ReadAction","target":["https:\/\/billdals.se\/en\/outdoor-cooking\/"]}]},{"@type":"BreadcrumbList","@id":"https:\/\/billdals.se\/en\/outdoor-cooking\/#breadcrumb","itemListElement":[{"@type":"ListItem","position":1,"name":"Home","item":"https:\/\/billdals.se\/"},{"@type":"ListItem","position":2,"name":"Utek\u00f6k"}]},{"@type":"WebSite","@id":"https:\/\/billdals.se\/sv\/#website","url":"https:\/\/billdals.se\/sv\/","name":"Billdals","description":"","publisher":{"@id":"https:\/\/billdals.se\/sv\/#organization"},"potentialAction":[{"@type":"SearchAction","target":{"@type":"EntryPoint","urlTemplate":"https:\/\/billdals.se\/sv\/?s={search_term_string}"},"query-input":"required name=search_term_string"}],"inLanguage":"en-AU"},{"@type":"Organization","@id":"https:\/\/billdals.se\/sv\/#organization","name":"Billdals","url":"https:\/\/billdals.se\/sv\/","logo":{"@type":"ImageObject","inLanguage":"en-AU","@id":"https:\/\/billdals.se\/sv\/#\/schema\/logo\/image\/","url":"https:\/\/billdals.se\/wp-content\/uploads\/2023\/09\/cropped-billdals_gron_botten.png","contentUrl":"https:\/\/billdals.se\/wp-content\/uploads\/2023\/09\/cropped-billdals_gron_botten.png","width":512,"height":512,"caption":"Billdals"},"image":{"@id":"https:\/\/billdals.se\/sv\/#\/schema\/logo\/image\/"}}]}},"_links":{"self":[{"href":"https:\/\/billdals.se\/en\/wp-json\/wp\/v2\/pages\/1907","targetHints":{"allow":["GET"]}}],"collection":[{"href":"https:\/\/billdals.se\/en\/wp-json\/wp\/v2\/pages"}],"about":[{"href":"https:\/\/billdals.se\/en\/wp-json\/wp\/v2\/types\/page"}],"author":[{"embeddable":true,"href":"https:\/\/billdals.se\/en\/wp-json\/wp\/v2\/users\/1"}],"replies":[{"embeddable":true,"href":"https:\/\/billdals.se\/en\/wp-json\/wp\/v2\/comments?post=1907"}],"version-history":[{"count":19,"href":"https:\/\/billdals.se\/en\/wp-json\/wp\/v2\/pages\/1907\/revisions"}],"predecessor-version":[{"id":2513,"href":"https:\/\/billdals.se\/en\/wp-json\/wp\/v2\/pages\/1907\/revisions\/2513"}],"wp:attachment":[{"href":"https:\/\/billdals.se\/en\/wp-json\/wp\/v2\/media?parent=1907"}],"curies":[{"name":"wp","href":"https:\/\/api.w.org\/{rel}","templated":true}]}}