{"id":1445,"date":"2021-08-16T20:17:07","date_gmt":"2021-08-16T20:17:07","guid":{"rendered":"http:\/\/billdals.se\/?page_id=1445"},"modified":"2024-11-11T18:51:32","modified_gmt":"2024-11-11T18:51:32","slug":"karriar","status":"publish","type":"page","link":"https:\/\/billdals.se\/en\/career\/","title":{"rendered":"Career"},"content":{"rendered":"<div data-elementor-type=\"wp-page\" data-elementor-id=\"1445\" class=\"elementor elementor-1445\" data-elementor-post-type=\"page\">\n\t\t\t\t\t\t\t\t\t<section class=\"elementor-section elementor-top-section elementor-element elementor-element-72b5b72a elementor-section-height-min-height elementor-section-boxed elementor-section-height-default elementor-section-items-middle\" data-id=\"72b5b72a\" data-element_type=\"section\" data-settings=\"{&quot;background_background&quot;:&quot;classic&quot;}\">\n\t\t\t\t\t\t<div class=\"elementor-container elementor-column-gap-default\">\n\t\t\t\t\t<div class=\"elementor-column elementor-col-100 elementor-top-column elementor-element elementor-element-1151a4b6\" data-id=\"1151a4b6\" data-element_type=\"column\">\n\t\t\t<div class=\"elementor-widget-wrap elementor-element-populated\">\n\t\t\t\t\t\t\t\t\t<\/div>\n\t\t<\/div>\n\t\t\t\t\t\t\t<\/div>\n\t\t<\/section>\n\t\t\t\t<section class=\"elementor-section elementor-top-section elementor-element elementor-element-442e5a49 elementor-section-height-min-height elementor-section-boxed elementor-section-height-default elementor-section-items-middle\" data-id=\"442e5a49\" data-element_type=\"section\">\n\t\t\t\t\t\t<div class=\"elementor-container elementor-column-gap-no\">\n\t\t\t\t\t<div class=\"elementor-column elementor-col-50 elementor-top-column elementor-element elementor-element-6034138a\" data-id=\"6034138a\" data-element_type=\"column\">\n\t\t\t<div class=\"elementor-widget-wrap elementor-element-populated\">\n\t\t\t\t\t\t\t\t<div class=\"elementor-element elementor-element-3b611f98 elementor-widget elementor-widget-text-editor\" data-id=\"3b611f98\" data-element_type=\"widget\" data-widget_type=\"text-editor.default\">\n\t\t\t\t<div class=\"elementor-widget-container\">\n\t\t\t\t\t\t\t<p>Are you interested in working with us?<\/p><p>Please submit your application via the form and we will contact you!<\/p><p>Please contact us if you have any questions.<\/p>\t\t\t\t\t\t<\/div>\n\t\t\t\t<\/div>\n\t\t\t\t<div class=\"elementor-element elementor-element-33d6668b elementor-align-left elementor-widget elementor-widget-button\" data-id=\"33d6668b\" data-element_type=\"widget\" data-widget_type=\"button.default\">\n\t\t\t\t<div class=\"elementor-widget-container\">\n\t\t\t\t\t<div class=\"elementor-button-wrapper\">\n\t\t\t<a class=\"elementor-button elementor-button-link elementor-size-md\" href=\"#\">\n\t\t\t\t\t\t<span class=\"elementor-button-content-wrapper\">\n\t\t\t\t\t\t<span class=\"elementor-button-text\">Contact Us <\/span>\n\t\t<\/span>\n\t\t\t\t\t<\/a>\n\t\t<\/div>\n\t\t\t\t<\/div>\n\t\t\t\t<\/div>\n\t\t\t\t\t<\/div>\n\t\t<\/div>\n\t\t\t\t<div class=\"elementor-column elementor-col-50 elementor-top-column elementor-element elementor-element-20ba09bb\" data-id=\"20ba09bb\" data-element_type=\"column\">\n\t\t\t<div class=\"elementor-widget-wrap elementor-element-populated\">\n\t\t\t\t\t\t\t\t<div class=\"elementor-element elementor-element-a56c443 elementor-button-align-stretch elementor-widget elementor-widget-form\" data-id=\"a56c443\" data-element_type=\"widget\" data-settings=\"{&quot;step_next_label&quot;:&quot;Next&quot;,&quot;step_previous_label&quot;:&quot;Previous&quot;,&quot;button_width&quot;:&quot;100&quot;,&quot;step_type&quot;:&quot;number_text&quot;,&quot;step_icon_shape&quot;:&quot;circle&quot;}\" data-widget_type=\"form.default\">\n\t\t\t\t<div class=\"elementor-widget-container\">\n\t\t\t\t\t<form class=\"elementor-form\" method=\"post\" name=\"New Form\" action=\"\">\n\t\t\t<input type=\"hidden\" name=\"post_id\" value=\"1445\"\/>\n\t\t\t<input type=\"hidden\" name=\"form_id\" value=\"a56c443\"\/>\n\t\t\t<input type=\"hidden\" name=\"referer_title\" value=\"Billdals\" \/>\n\n\t\t\t\n\t\t\t<div class=\"elementor-form-fields-wrapper elementor-labels-above\">\n\t\t\t\t\t\t\t\t<div class=\"elementor-field-type-text elementor-field-group elementor-column elementor-field-group-name elementor-col-100\">\n\t\t\t\t\t\t\t\t\t\t\t\t\t<input size=\"1\" type=\"text\" name=\"form_fields[name]\" id=\"form-field-name\" class=\"elementor-field elementor-size-sm  elementor-field-textual\" placeholder=\"Your name\">\n\t\t\t\t\t\t\t\t\t\t\t<\/div>\n\t\t\t\t\t\t\t\t<div class=\"elementor-field-type-email elementor-field-group elementor-column elementor-field-group-email elementor-col-100 elementor-field-required\">\n\t\t\t\t\t\t\t\t\t\t\t\t\t<input size=\"1\" type=\"email\" name=\"form_fields[email]\" id=\"form-field-email\" class=\"elementor-field elementor-size-sm  elementor-field-textual\" placeholder=\"Email\" required=\"required\" aria-required=\"true\">\n\t\t\t\t\t\t\t\t\t\t\t<\/div>\n\t\t\t\t\t\t\t\t<div class=\"elementor-field-type-tel elementor-field-group elementor-column elementor-field-group-field_850bcbc elementor-col-100\">\n\t\t\t\t\t\t\t<input size=\"1\" type=\"tel\" name=\"form_fields[field_850bcbc]\" id=\"form-field-field_850bcbc\" class=\"elementor-field elementor-size-sm  elementor-field-textual\" placeholder=\"Tel\" pattern=\"[0-9()#&amp;+*-=.]+\" title=\"Only numbers and phone characters (#, -, *, etc) are accepted.\">\n\n\t\t\t\t\t\t<\/div>\n\t\t\t\t\t\t\t\t<div class=\"elementor-field-type-textarea elementor-field-group elementor-column elementor-field-group-message elementor-col-100\">\n\t\t\t\t\t<textarea class=\"elementor-field-textual elementor-field  elementor-size-sm\" name=\"form_fields[message]\" id=\"form-field-message\" rows=\"4\" placeholder=\"Message\"><\/textarea>\t\t\t\t<\/div>\n\t\t\t\t\t\t\t\t<div class=\"elementor-field-type-upload elementor-field-group elementor-column elementor-field-group-field_a1c4392 elementor-col-100\">\n\t\t\t\t\t\t\t\t\t\t\t\t<label for=\"form-field-field_a1c4392\" class=\"elementor-field-label\">\n\t\t\t\t\t\t\t\tUpload your CV here\t\t\t\t\t\t\t<\/label>\n\t\t\t\t\t\t\t\t<input type=\"file\" name=\"form_fields[field_a1c4392]\" id=\"form-field-field_a1c4392\" class=\"elementor-field elementor-size-sm  elementor-upload-field\">\n\n\t\t\t\t\t\t<\/div>\n\t\t\t\t\t\t\t\t<div class=\"elementor-field-type-recaptcha_v3 elementor-field-group elementor-column elementor-field-group-field_c8db2be elementor-col-100 recaptcha_v3-inline\">\n\t\t\t\t\t<div class=\"elementor-field\" id=\"form-field-field_c8db2be\"><div class=\"elementor-g-recaptcha\" data-sitekey=\"6LdFCRIpAAAAAH3NwGTUPZUXKw95a6YOuW9_CnxL\" data-type=\"v3\" data-action=\"Form\" data-badge=\"inline\" data-size=\"invisible\"><\/div><\/div>\t\t\t\t<\/div>\n\t\t\t\t\t\t\t\t<div class=\"elementor-field-group elementor-column elementor-field-type-submit elementor-col-100 e-form__buttons\">\n\t\t\t\t\t<button type=\"submit\" class=\"elementor-button elementor-size-sm\">\n\t\t\t\t\t\t<span >\n\t\t\t\t\t\t\t\t\t\t\t\t\t\t\t<span class=\"elementor-button-icon\">\n\t\t\t\t\t\t\t\t\t\t\t\t\t\t\t\t\t\t\t\t\t\t\t\t\t\t<\/span>\n\t\t\t\t\t\t\t\t\t\t\t\t\t\t\t\t\t\t\t\t\t\t<span class=\"elementor-button-text\">Send<\/span>\n\t\t\t\t\t\t\t\t\t\t\t\t\t<\/span>\n\t\t\t\t\t<\/button>\n\t\t\t\t<\/div>\n\t\t\t<\/div>\n\t\t<input type=\"hidden\" name=\"trp-form-language\" value=\"en\"\/><\/form>\n\t\t\t\t<\/div>\n\t\t\t\t<\/div>\n\t\t\t\t\t<\/div>\n\t\t<\/div>\n\t\t\t\t\t\t\t<\/div>\n\t\t<\/section>\n\t\t\t\t\t\t\t<\/div>","protected":false},"excerpt":{"rendered":"<p>Are you interested in working with us? Please submit your application via the form and we will contact you! Please contact us if you have any questions. Contact Us<\/p>","protected":false},"author":1,"featured_media":0,"parent":0,"menu_order":0,"comment_status":"closed","ping_status":"closed","template":"","meta":{"footnotes":""},"class_list":["post-1445","page","type-page","status-publish","hentry","entry"],"acf":[],"yoast_head":"<!-- This site is optimized with the Yoast SEO plugin v21.4 - https:\/\/yoast.com\/wordpress\/plugins\/seo\/ -->\n<title>Karri\u00e4r - Billdals<\/title>\n<meta name=\"robots\" content=\"index, follow, max-snippet:-1, max-image-preview:large, max-video-preview:-1\" \/>\n<link rel=\"canonical\" href=\"https:\/\/billdals.se\/en\/career\/\" \/>\n<meta property=\"og:locale\" content=\"en_US\" \/>\n<meta property=\"og:type\" content=\"article\" \/>\n<meta property=\"og:title\" content=\"Karri\u00e4r - Billdals\" \/>\n<meta property=\"og:description\" content=\"\u00c4r du intresserad av att arbeta hos oss? L\u00e4mna g\u00e4rna in din ans\u00f6kan via formul\u00e4ret s\u00e5 kontaktar vi dig! H\u00f6r av dig till oss om du har n\u00e5gra fr\u00e5gor. Kontakta Oss\" \/>\n<meta property=\"og:url\" content=\"https:\/\/billdals.se\/en\/career\/\" \/>\n<meta property=\"og:site_name\" content=\"Billdals\" \/>\n<meta property=\"article:modified_time\" content=\"2024-11-11T18:51:32+00:00\" \/>\n<meta name=\"twitter:card\" content=\"summary_large_image\" \/>\n<meta name=\"twitter:label1\" content=\"Est. reading time\" \/>\n\t<meta name=\"twitter:data1\" content=\"1 minute\" \/>\n<script type=\"application\/ld+json\" class=\"yoast-schema-graph\">{\"@context\":\"https:\/\/schema.org\",\"@graph\":[{\"@type\":\"WebPage\",\"@id\":\"https:\/\/billdals.se\/karriar\/\",\"url\":\"https:\/\/billdals.se\/karriar\/\",\"name\":\"Karri\u00e4r - Billdals\",\"isPartOf\":{\"@id\":\"https:\/\/billdals.se\/sv\/#website\"},\"datePublished\":\"2021-08-16T20:17:07+00:00\",\"dateModified\":\"2024-11-11T18:51:32+00:00\",\"breadcrumb\":{\"@id\":\"https:\/\/billdals.se\/karriar\/#breadcrumb\"},\"inLanguage\":\"en-AU\",\"potentialAction\":[{\"@type\":\"ReadAction\",\"target\":[\"https:\/\/billdals.se\/karriar\/\"]}]},{\"@type\":\"BreadcrumbList\",\"@id\":\"https:\/\/billdals.se\/karriar\/#breadcrumb\",\"itemListElement\":[{\"@type\":\"ListItem\",\"position\":1,\"name\":\"Home\",\"item\":\"https:\/\/billdals.se\/\"},{\"@type\":\"ListItem\",\"position\":2,\"name\":\"Karri\u00e4r\"}]},{\"@type\":\"WebSite\",\"@id\":\"https:\/\/billdals.se\/sv\/#website\",\"url\":\"https:\/\/billdals.se\/sv\/\",\"name\":\"Billdals\",\"description\":\"\",\"publisher\":{\"@id\":\"https:\/\/billdals.se\/sv\/#organization\"},\"potentialAction\":[{\"@type\":\"SearchAction\",\"target\":{\"@type\":\"EntryPoint\",\"urlTemplate\":\"https:\/\/billdals.se\/sv\/?s={search_term_string}\"},\"query-input\":\"required name=search_term_string\"}],\"inLanguage\":\"en-AU\"},{\"@type\":\"Organization\",\"@id\":\"https:\/\/billdals.se\/sv\/#organization\",\"name\":\"Billdals\",\"url\":\"https:\/\/billdals.se\/sv\/\",\"logo\":{\"@type\":\"ImageObject\",\"inLanguage\":\"en-AU\",\"@id\":\"https:\/\/billdals.se\/sv\/#\/schema\/logo\/image\/\",\"url\":\"https:\/\/billdals.se\/wp-content\/uploads\/2023\/09\/cropped-billdals_gron_botten.png\",\"contentUrl\":\"https:\/\/billdals.se\/wp-content\/uploads\/2023\/09\/cropped-billdals_gron_botten.png\",\"width\":512,\"height\":512,\"caption\":\"Billdals\"},\"image\":{\"@id\":\"https:\/\/billdals.se\/sv\/#\/schema\/logo\/image\/\"}}]}<\/script>\n<!-- \/ Yoast SEO plugin. -->","yoast_head_json":{"title":"Karri\u00e4r - Billdals","robots":{"index":"index","follow":"follow","max-snippet":"max-snippet:-1","max-image-preview":"max-image-preview:large","max-video-preview":"max-video-preview:-1"},"canonical":"https:\/\/billdals.se\/en\/career\/","og_locale":"en_US","og_type":"article","og_title":"Karri\u00e4r - Billdals","og_description":"\u00c4r du intresserad av att arbeta hos oss? L\u00e4mna g\u00e4rna in din ans\u00f6kan via formul\u00e4ret s\u00e5 kontaktar vi dig! H\u00f6r av dig till oss om du har n\u00e5gra fr\u00e5gor. Kontakta Oss","og_url":"https:\/\/billdals.se\/en\/career\/","og_site_name":"Billdals","article_modified_time":"2024-11-11T18:51:32+00:00","twitter_card":"summary_large_image","twitter_misc":{"Est. reading time":"1 minute"},"schema":{"@context":"https:\/\/schema.org","@graph":[{"@type":"WebPage","@id":"https:\/\/billdals.se\/karriar\/","url":"https:\/\/billdals.se\/karriar\/","name":"Karri\u00e4r - Billdals","isPartOf":{"@id":"https:\/\/billdals.se\/sv\/#website"},"datePublished":"2021-08-16T20:17:07+00:00","dateModified":"2024-11-11T18:51:32+00:00","breadcrumb":{"@id":"https:\/\/billdals.se\/karriar\/#breadcrumb"},"inLanguage":"en-AU","potentialAction":[{"@type":"ReadAction","target":["https:\/\/billdals.se\/karriar\/"]}]},{"@type":"BreadcrumbList","@id":"https:\/\/billdals.se\/karriar\/#breadcrumb","itemListElement":[{"@type":"ListItem","position":1,"name":"Home","item":"https:\/\/billdals.se\/"},{"@type":"ListItem","position":2,"name":"Karri\u00e4r"}]},{"@type":"WebSite","@id":"https:\/\/billdals.se\/sv\/#website","url":"https:\/\/billdals.se\/sv\/","name":"Billdals","description":"","publisher":{"@id":"https:\/\/billdals.se\/sv\/#organization"},"potentialAction":[{"@type":"SearchAction","target":{"@type":"EntryPoint","urlTemplate":"https:\/\/billdals.se\/sv\/?s={search_term_string}"},"query-input":"required name=search_term_string"}],"inLanguage":"en-AU"},{"@type":"Organization","@id":"https:\/\/billdals.se\/sv\/#organization","name":"Billdals","url":"https:\/\/billdals.se\/sv\/","logo":{"@type":"ImageObject","inLanguage":"en-AU","@id":"https:\/\/billdals.se\/sv\/#\/schema\/logo\/image\/","url":"https:\/\/billdals.se\/wp-content\/uploads\/2023\/09\/cropped-billdals_gron_botten.png","contentUrl":"https:\/\/billdals.se\/wp-content\/uploads\/2023\/09\/cropped-billdals_gron_botten.png","width":512,"height":512,"caption":"Billdals"},"image":{"@id":"https:\/\/billdals.se\/sv\/#\/schema\/logo\/image\/"}}]}},"_links":{"self":[{"href":"https:\/\/billdals.se\/en\/wp-json\/wp\/v2\/pages\/1445","targetHints":{"allow":["GET"]}}],"collection":[{"href":"https:\/\/billdals.se\/en\/wp-json\/wp\/v2\/pages"}],"about":[{"href":"https:\/\/billdals.se\/en\/wp-json\/wp\/v2\/types\/page"}],"author":[{"embeddable":true,"href":"https:\/\/billdals.se\/en\/wp-json\/wp\/v2\/users\/1"}],"replies":[{"embeddable":true,"href":"https:\/\/billdals.se\/en\/wp-json\/wp\/v2\/comments?post=1445"}],"version-history":[{"count":40,"href":"https:\/\/billdals.se\/en\/wp-json\/wp\/v2\/pages\/1445\/revisions"}],"predecessor-version":[{"id":2589,"href":"https:\/\/billdals.se\/en\/wp-json\/wp\/v2\/pages\/1445\/revisions\/2589"}],"wp:attachment":[{"href":"https:\/\/billdals.se\/en\/wp-json\/wp\/v2\/media?parent=1445"}],"curies":[{"name":"wp","href":"https:\/\/api.w.org\/{rel}","templated":true}]}}