{"id":1332,"date":"2021-08-11T19:25:08","date_gmt":"2021-08-11T19:25:08","guid":{"rendered":"http:\/\/billdals.se\/?page_id=1332"},"modified":"2024-01-04T08:43:01","modified_gmt":"2024-01-04T08:43:01","slug":"om-billdals","status":"publish","type":"page","link":"https:\/\/billdals.se\/en\/about-billdals\/","title":{"rendered":"About Billdals"},"content":{"rendered":"<div data-elementor-type=\"wp-page\" data-elementor-id=\"1332\" class=\"elementor elementor-1332\" data-elementor-post-type=\"page\">\n\t\t\t\t\t\t\t\t\t<section class=\"elementor-section elementor-top-section elementor-element elementor-element-cbac585 elementor-section-height-min-height elementor-section-boxed elementor-section-height-default elementor-section-items-middle\" data-id=\"cbac585\" data-element_type=\"section\" data-settings=\"{&quot;background_background&quot;:&quot;classic&quot;}\">\n\t\t\t\t\t\t\t<div class=\"elementor-background-overlay\"><\/div>\n\t\t\t\t\t\t\t<div class=\"elementor-container elementor-column-gap-default\">\n\t\t\t\t\t<div class=\"elementor-column elementor-col-100 elementor-top-column elementor-element elementor-element-8762957\" data-id=\"8762957\" data-element_type=\"column\">\n\t\t\t<div class=\"elementor-widget-wrap elementor-element-populated\">\n\t\t\t\t\t\t\t\t\t<\/div>\n\t\t<\/div>\n\t\t\t\t\t\t\t<\/div>\n\t\t<\/section>\n\t\t\t\t<section class=\"elementor-section elementor-top-section elementor-element elementor-element-a2acc3f elementor-section-content-middle elementor-section-boxed elementor-section-height-default elementor-section-height-default\" data-id=\"a2acc3f\" data-element_type=\"section\">\n\t\t\t\t\t\t<div class=\"elementor-container elementor-column-gap-no\">\n\t\t\t\t\t<div class=\"elementor-column elementor-col-100 elementor-top-column elementor-element elementor-element-2960c2e\" data-id=\"2960c2e\" data-element_type=\"column\">\n\t\t\t<div class=\"elementor-widget-wrap elementor-element-populated\">\n\t\t\t\t\t\t\t\t<div class=\"elementor-element elementor-element-b15c8e7 elementor-widget-divider--view-line elementor-widget elementor-widget-divider\" data-id=\"b15c8e7\" data-element_type=\"widget\" data-widget_type=\"divider.default\">\n\t\t\t\t<div class=\"elementor-widget-container\">\n\t\t\t\t\t<div class=\"elementor-divider\">\n\t\t\t<span class=\"elementor-divider-separator\">\n\t\t\t\t\t\t<\/span>\n\t\t<\/div>\n\t\t\t\t<\/div>\n\t\t\t\t<\/div>\n\t\t\t\t<div class=\"elementor-element elementor-element-1b9b450 elementor-align-left elementor-widget elementor-widget-oew-advanced-heading\" data-id=\"1b9b450\" data-element_type=\"widget\" data-widget_type=\"oew-advanced-heading.default\">\n\t\t\t\t<div class=\"elementor-widget-container\">\n\t\t\t\r\n\t\t<div class=\"oew-advanced-heading\">\r\n\r\n\t\t\t\t\t\t\t<div class=\"oew-background-heading oew-has-bg\">\r\n\t\t\t\t\t<div>EST. 1968 <\/div>\r\n\t\t\t\t<\/div>\r\n\t\t\t\r\n\t\t<\/div>\r\n\r\n\t\t\t<\/div>\n\t\t\t\t<\/div>\n\t\t\t\t<div class=\"elementor-element elementor-element-89d33c4 elementor-widget elementor-widget-heading\" data-id=\"89d33c4\" data-element_type=\"widget\" data-widget_type=\"heading.default\">\n\t\t\t\t<div class=\"elementor-widget-container\">\n\t\t\t<h1 class=\"elementor-heading-title elementor-size-default\">Welcome to Billdal&#039;s Garden<\/h1>\t\t<\/div>\n\t\t\t\t<\/div>\n\t\t\t\t<div class=\"elementor-element elementor-element-6cc521f elementor-widget elementor-widget-text-editor\" data-id=\"6cc521f\" data-element_type=\"widget\" data-widget_type=\"text-editor.default\">\n\t\t\t\t<div class=\"elementor-widget-container\">\n\t\t\t\t\t\t\t<p>Billdal&#039;s Garden Plant is your reliable partner in garden design and plant. Our focus is primarily on exclusive private gardens where we create natural beauty with natural stone as our specialty. We have established ourselves as a leader in this type of project on Sweden&#039;s west coast, and our reputation testifies to our dedication to high-quality results.<\/p><p>Our competent staff has solid experience and knowledge in the industry. Over the years, we have expanded our skills and strengthened our team with two horticultural engineers who now lead our design department. This has enabled us to offer complete garden solutions, from the first sketches to the finished garden.<\/p>\t\t\t\t\t\t<\/div>\n\t\t\t\t<\/div>\n\t\t\t\t<div class=\"elementor-element elementor-element-fc55323 elementor-widget elementor-widget-button\" data-id=\"fc55323\" data-element_type=\"widget\" data-widget_type=\"button.default\">\n\t\t\t\t<div class=\"elementor-widget-container\">\n\t\t\t\t\t<div class=\"elementor-button-wrapper\">\n\t\t\t<a class=\"elementor-button elementor-button-link elementor-size-md\" href=\"https:\/\/billdals.se\/en\/contact\/\">\n\t\t\t\t\t\t<span class=\"elementor-button-content-wrapper\">\n\t\t\t\t\t\t<span class=\"elementor-button-text\">Contact Us<\/span>\n\t\t<\/span>\n\t\t\t\t\t<\/a>\n\t\t<\/div>\n\t\t\t\t<\/div>\n\t\t\t\t<\/div>\n\t\t\t\t<div class=\"elementor-element elementor-element-2aba1f7 elementor-widget-divider--view-line elementor-widget elementor-widget-divider\" data-id=\"2aba1f7\" data-element_type=\"widget\" data-widget_type=\"divider.default\">\n\t\t\t\t<div class=\"elementor-widget-container\">\n\t\t\t\t\t<div class=\"elementor-divider\">\n\t\t\t<span class=\"elementor-divider-separator\">\n\t\t\t\t\t\t<\/span>\n\t\t<\/div>\n\t\t\t\t<\/div>\n\t\t\t\t<\/div>\n\t\t\t\t\t<\/div>\n\t\t<\/div>\n\t\t\t\t\t\t\t<\/div>\n\t\t<\/section>\n\t\t\t\t<section class=\"elementor-section elementor-top-section elementor-element elementor-element-bf51302 elementor-section-height-min-height elementor-section-boxed elementor-section-height-default elementor-section-items-middle\" data-id=\"bf51302\" data-element_type=\"section\" data-settings=\"{&quot;background_background&quot;:&quot;classic&quot;}\">\n\t\t\t\t\t\t\t<div class=\"elementor-background-overlay\"><\/div>\n\t\t\t\t\t\t\t<div class=\"elementor-container elementor-column-gap-default\">\n\t\t\t\t\t<div class=\"elementor-column elementor-col-100 elementor-top-column elementor-element elementor-element-93fc285\" data-id=\"93fc285\" data-element_type=\"column\">\n\t\t\t<div class=\"elementor-widget-wrap\">\n\t\t\t\t\t\t\t\t\t<\/div>\n\t\t<\/div>\n\t\t\t\t\t\t\t<\/div>\n\t\t<\/section>\n\t\t\t\t<section class=\"elementor-section elementor-top-section elementor-element elementor-element-3f73a37 elementor-section-content-middle elementor-section-boxed elementor-section-height-default elementor-section-height-default\" data-id=\"3f73a37\" data-element_type=\"section\">\n\t\t\t\t\t\t<div class=\"elementor-container elementor-column-gap-no\">\n\t\t\t\t\t<div class=\"elementor-column elementor-col-50 elementor-top-column elementor-element elementor-element-04db1b2\" data-id=\"04db1b2\" data-element_type=\"column\">\n\t\t\t<div class=\"elementor-widget-wrap elementor-element-populated\">\n\t\t\t\t\t\t\t\t<div class=\"elementor-element elementor-element-35dd2a1 elementor-widget-divider--view-line elementor-widget elementor-widget-divider\" data-id=\"35dd2a1\" data-element_type=\"widget\" data-widget_type=\"divider.default\">\n\t\t\t\t<div class=\"elementor-widget-container\">\n\t\t\t\t\t<div class=\"elementor-divider\">\n\t\t\t<span class=\"elementor-divider-separator\">\n\t\t\t\t\t\t<\/span>\n\t\t<\/div>\n\t\t\t\t<\/div>\n\t\t\t\t<\/div>\n\t\t\t\t<div class=\"elementor-element elementor-element-b0350f0 elementor-align-left elementor-widget elementor-widget-oew-advanced-heading\" data-id=\"b0350f0\" data-element_type=\"widget\" data-widget_type=\"oew-advanced-heading.default\">\n\t\t\t\t<div class=\"elementor-widget-container\">\n\t\t\t\r\n\t\t<div class=\"oew-advanced-heading\">\r\n\r\n\t\t\t\t\t\t\t<div class=\"oew-background-heading oew-has-bg\">\r\n\t\t\t\t\t<div>Billdals<\/div>\r\n\t\t\t\t<\/div>\r\n\t\t\t\r\n\t\t<\/div>\r\n\r\n\t\t\t<\/div>\n\t\t\t\t<\/div>\n\t\t\t\t<div class=\"elementor-element elementor-element-d4819ea elementor-widget elementor-widget-heading\" data-id=\"d4819ea\" data-element_type=\"widget\" data-widget_type=\"heading.default\">\n\t\t\t\t<div class=\"elementor-widget-container\">\n\t\t\t<h2 class=\"elementor-heading-title elementor-size-default\">About us<\/h2>\t\t<\/div>\n\t\t\t\t<\/div>\n\t\t\t\t\t<\/div>\n\t\t<\/div>\n\t\t\t\t<div class=\"elementor-column elementor-col-50 elementor-top-column elementor-element elementor-element-7d02fc3\" data-id=\"7d02fc3\" data-element_type=\"column\">\n\t\t\t<div class=\"elementor-widget-wrap elementor-element-populated\">\n\t\t\t\t\t\t\t\t<div class=\"elementor-element elementor-element-ff8d300 elementor-widget elementor-widget-text-editor\" data-id=\"ff8d300\" data-element_type=\"widget\" data-widget_type=\"text-editor.default\">\n\t\t\t\t<div class=\"elementor-widget-container\">\n\t\t\t\t\t\t\t<div class=\"flex-1 overflow-hidden\"><div class=\"react-scroll-to-bottom--css-kyymn-79elbk h-full dark:bg-gray-800\"><div class=\"react-scroll-to-bottom--css-kyymn-1n7m0yu\"><div class=\"flex flex-col text-sm dark:bg-gray-800\"><div class=\"group w-full text-token-text-primary border-b border-black\/10 gizmo:border-0 dark:border-gray-900\/50 gizmo:dark:border-0 bg-gray-50 gizmo:bg-transparent dark:bg-[#444654] gizmo:dark:bg-transparent\" data-testid=\"conversation-turn-3\"><div class=\"p-4 justify-center text-base md:gap-6 md:py-6 m-auto\"><div class=\"flex flex-1 gap-4 text-base mx-auto md:gap-6 gizmo:gap-3 gizmo:md:px-5 gizmo:lg:px-1 gizmo:xl:px-5 md:max-w-2xl lg:max-w-[38rem] gizmo:md:max-w-3xl gizmo:lg:max-w-[40rem] gizmo:xl:max-w-[48rem] xl:max-w-3xl }\"><div class=\"relative flex w-[calc(100%-50px)] flex-col gap-1 gizmo:w-full md:gap-3 lg:w-[calc(100%-115px)] agent-turn\"><div class=\"flex flex-grow flex-col gap-3 max-w-full\"><div class=\"min-h-[20px] flex flex-col items-start gap-3 whitespace-pre-wrap break-words overflow-x-auto\"><div class=\"markdown prose w-full break-words dark:prose-invert dark\"><p>Billdals Tr\u00e4dg\u00e5rdsanlaging is a family-owned company with a history that stretches back to 1968. The founder J\u00fcrgen Fischer ran the company successfully until the end of the 90s when he handed over the baton to his sons, Tobias and Christian. This continuity and generational change has made it possible for us to develop from a small family business to a prosperous company with 20 employees.<\/p><p>Ryan Barnett is today CEO of Billdals tr\u00e4dg\u00e5rdsanl\u00e4ggning. After working with Billdals between 2009 and 2012 and then returning to Australia to run his own business, he decided in 2019 to return to Sweden to contribute to the growth of Billdals to what it is today. In 2022, Billdals started the design department within the company, which is led by our designer Anna Nyl\u00e9n.<\/p><p>We are proud of our team, who together have over 250 years of combined experience in horticulture and outstanding professionalism. This knowledge, passion and dedication is what drives us to create beautiful and functional gardens that exceed your expectations.<\/p><p>Welcome to Billdal&#039;s garden facility - where garden dreams come true!<\/p><\/div><\/div><\/div><\/div><\/div><\/div><\/div><\/div><\/div><\/div><\/div>\t\t\t\t\t\t<\/div>\n\t\t\t\t<\/div>\n\t\t\t\t\t<\/div>\n\t\t<\/div>\n\t\t\t\t\t\t\t<\/div>\n\t\t<\/section>\n\t\t\t\t\t\t\t<\/div>","protected":false},"excerpt":{"rendered":"<p>EST. 1968 Welcome to Billdal&#039;s Garden Plant Billdal&#039;s Garden Plant is your reliable partner in garden design and installation. Our focus is primarily on exclusive private gardens where we create natural beauty with natural stone as our specialty. We have established ourselves as a leader in this type of project on Sweden&#039;s west coast, and our reputation testifies to our dedication to [...]<\/p>","protected":false},"author":1,"featured_media":0,"parent":0,"menu_order":0,"comment_status":"closed","ping_status":"closed","template":"","meta":{"footnotes":""},"class_list":["post-1332","page","type-page","status-publish","hentry","entry"],"acf":[],"yoast_head":"<!-- This site is optimized with the Yoast SEO plugin v21.4 - https:\/\/yoast.com\/wordpress\/plugins\/seo\/ -->\n<title>Om Billdals - Billdals<\/title>\n<meta name=\"robots\" content=\"index, follow, max-snippet:-1, max-image-preview:large, max-video-preview:-1\" \/>\n<link rel=\"canonical\" href=\"https:\/\/billdals.se\/en\/about-billdals\/\" \/>\n<meta property=\"og:locale\" content=\"en_US\" \/>\n<meta property=\"og:type\" content=\"article\" \/>\n<meta property=\"og:title\" content=\"Om Billdals - Billdals\" \/>\n<meta property=\"og:description\" content=\"EST. 1968 V\u00e4lkommen till Billdals Tr\u00e4dg\u00e5rdsanl\u00e4ggning Billdals Tr\u00e4dg\u00e5rdsanl\u00e4ggning \u00e4r din p\u00e5litliga samarbetspartner inom tr\u00e4dg\u00e5rdsdesign och anl\u00e4ggning. V\u00e5rt fokus ligger fr\u00e4mst p\u00e5 exklusiva privattr\u00e4dg\u00e5rdar d\u00e4r vi skapar naturlig sk\u00f6nhet med natursten som v\u00e5rt specialomr\u00e5de. Vi har etablerat oss som ledande inom denna typ av projekt p\u00e5 Sveriges v\u00e4stkust, och v\u00e5rt rykte vittnar om v\u00e5r dedikation till [&hellip;]\" \/>\n<meta property=\"og:url\" content=\"https:\/\/billdals.se\/en\/about-billdals\/\" \/>\n<meta property=\"og:site_name\" content=\"Billdals\" \/>\n<meta property=\"article:modified_time\" content=\"2024-01-04T08:43:01+00:00\" \/>\n<meta name=\"twitter:card\" content=\"summary_large_image\" \/>\n<meta name=\"twitter:label1\" content=\"Est. reading time\" \/>\n\t<meta name=\"twitter:data1\" content=\"2 minutes\" \/>\n<script type=\"application\/ld+json\" class=\"yoast-schema-graph\">{\"@context\":\"https:\/\/schema.org\",\"@graph\":[{\"@type\":\"WebPage\",\"@id\":\"https:\/\/billdals.se\/om-billdals\/\",\"url\":\"https:\/\/billdals.se\/om-billdals\/\",\"name\":\"Om Billdals - Billdals\",\"isPartOf\":{\"@id\":\"https:\/\/billdals.se\/sv\/#website\"},\"datePublished\":\"2021-08-11T19:25:08+00:00\",\"dateModified\":\"2024-01-04T08:43:01+00:00\",\"breadcrumb\":{\"@id\":\"https:\/\/billdals.se\/om-billdals\/#breadcrumb\"},\"inLanguage\":\"en-AU\",\"potentialAction\":[{\"@type\":\"ReadAction\",\"target\":[\"https:\/\/billdals.se\/om-billdals\/\"]}]},{\"@type\":\"BreadcrumbList\",\"@id\":\"https:\/\/billdals.se\/om-billdals\/#breadcrumb\",\"itemListElement\":[{\"@type\":\"ListItem\",\"position\":1,\"name\":\"Home\",\"item\":\"https:\/\/billdals.se\/\"},{\"@type\":\"ListItem\",\"position\":2,\"name\":\"Om Billdals\"}]},{\"@type\":\"WebSite\",\"@id\":\"https:\/\/billdals.se\/sv\/#website\",\"url\":\"https:\/\/billdals.se\/sv\/\",\"name\":\"Billdals\",\"description\":\"\",\"publisher\":{\"@id\":\"https:\/\/billdals.se\/sv\/#organization\"},\"potentialAction\":[{\"@type\":\"SearchAction\",\"target\":{\"@type\":\"EntryPoint\",\"urlTemplate\":\"https:\/\/billdals.se\/sv\/?s={search_term_string}\"},\"query-input\":\"required name=search_term_string\"}],\"inLanguage\":\"en-AU\"},{\"@type\":\"Organization\",\"@id\":\"https:\/\/billdals.se\/sv\/#organization\",\"name\":\"Billdals\",\"url\":\"https:\/\/billdals.se\/sv\/\",\"logo\":{\"@type\":\"ImageObject\",\"inLanguage\":\"en-AU\",\"@id\":\"https:\/\/billdals.se\/sv\/#\/schema\/logo\/image\/\",\"url\":\"https:\/\/billdals.se\/wp-content\/uploads\/2023\/09\/cropped-billdals_gron_botten.png\",\"contentUrl\":\"https:\/\/billdals.se\/wp-content\/uploads\/2023\/09\/cropped-billdals_gron_botten.png\",\"width\":512,\"height\":512,\"caption\":\"Billdals\"},\"image\":{\"@id\":\"https:\/\/billdals.se\/sv\/#\/schema\/logo\/image\/\"}}]}<\/script>\n<!-- \/ Yoast SEO plugin. -->","yoast_head_json":{"title":"Om Billdals - Billdals","robots":{"index":"index","follow":"follow","max-snippet":"max-snippet:-1","max-image-preview":"max-image-preview:large","max-video-preview":"max-video-preview:-1"},"canonical":"https:\/\/billdals.se\/en\/about-billdals\/","og_locale":"en_US","og_type":"article","og_title":"Om Billdals - Billdals","og_description":"EST. 1968 V\u00e4lkommen till Billdals Tr\u00e4dg\u00e5rdsanl\u00e4ggning Billdals Tr\u00e4dg\u00e5rdsanl\u00e4ggning \u00e4r din p\u00e5litliga samarbetspartner inom tr\u00e4dg\u00e5rdsdesign och anl\u00e4ggning. V\u00e5rt fokus ligger fr\u00e4mst p\u00e5 exklusiva privattr\u00e4dg\u00e5rdar d\u00e4r vi skapar naturlig sk\u00f6nhet med natursten som v\u00e5rt specialomr\u00e5de. Vi har etablerat oss som ledande inom denna typ av projekt p\u00e5 Sveriges v\u00e4stkust, och v\u00e5rt rykte vittnar om v\u00e5r dedikation till [&hellip;]","og_url":"https:\/\/billdals.se\/en\/about-billdals\/","og_site_name":"Billdals","article_modified_time":"2024-01-04T08:43:01+00:00","twitter_card":"summary_large_image","twitter_misc":{"Est. reading time":"2 minutes"},"schema":{"@context":"https:\/\/schema.org","@graph":[{"@type":"WebPage","@id":"https:\/\/billdals.se\/om-billdals\/","url":"https:\/\/billdals.se\/om-billdals\/","name":"Om Billdals - Billdals","isPartOf":{"@id":"https:\/\/billdals.se\/sv\/#website"},"datePublished":"2021-08-11T19:25:08+00:00","dateModified":"2024-01-04T08:43:01+00:00","breadcrumb":{"@id":"https:\/\/billdals.se\/om-billdals\/#breadcrumb"},"inLanguage":"en-AU","potentialAction":[{"@type":"ReadAction","target":["https:\/\/billdals.se\/om-billdals\/"]}]},{"@type":"BreadcrumbList","@id":"https:\/\/billdals.se\/om-billdals\/#breadcrumb","itemListElement":[{"@type":"ListItem","position":1,"name":"Home","item":"https:\/\/billdals.se\/"},{"@type":"ListItem","position":2,"name":"Om Billdals"}]},{"@type":"WebSite","@id":"https:\/\/billdals.se\/sv\/#website","url":"https:\/\/billdals.se\/sv\/","name":"Billdals","description":"","publisher":{"@id":"https:\/\/billdals.se\/sv\/#organization"},"potentialAction":[{"@type":"SearchAction","target":{"@type":"EntryPoint","urlTemplate":"https:\/\/billdals.se\/sv\/?s={search_term_string}"},"query-input":"required name=search_term_string"}],"inLanguage":"en-AU"},{"@type":"Organization","@id":"https:\/\/billdals.se\/sv\/#organization","name":"Billdals","url":"https:\/\/billdals.se\/sv\/","logo":{"@type":"ImageObject","inLanguage":"en-AU","@id":"https:\/\/billdals.se\/sv\/#\/schema\/logo\/image\/","url":"https:\/\/billdals.se\/wp-content\/uploads\/2023\/09\/cropped-billdals_gron_botten.png","contentUrl":"https:\/\/billdals.se\/wp-content\/uploads\/2023\/09\/cropped-billdals_gron_botten.png","width":512,"height":512,"caption":"Billdals"},"image":{"@id":"https:\/\/billdals.se\/sv\/#\/schema\/logo\/image\/"}}]}},"_links":{"self":[{"href":"https:\/\/billdals.se\/en\/wp-json\/wp\/v2\/pages\/1332","targetHints":{"allow":["GET"]}}],"collection":[{"href":"https:\/\/billdals.se\/en\/wp-json\/wp\/v2\/pages"}],"about":[{"href":"https:\/\/billdals.se\/en\/wp-json\/wp\/v2\/types\/page"}],"author":[{"embeddable":true,"href":"https:\/\/billdals.se\/en\/wp-json\/wp\/v2\/users\/1"}],"replies":[{"embeddable":true,"href":"https:\/\/billdals.se\/en\/wp-json\/wp\/v2\/comments?post=1332"}],"version-history":[{"count":55,"href":"https:\/\/billdals.se\/en\/wp-json\/wp\/v2\/pages\/1332\/revisions"}],"predecessor-version":[{"id":2549,"href":"https:\/\/billdals.se\/en\/wp-json\/wp\/v2\/pages\/1332\/revisions\/2549"}],"wp:attachment":[{"href":"https:\/\/billdals.se\/en\/wp-json\/wp\/v2\/media?parent=1332"}],"curies":[{"name":"wp","href":"https:\/\/api.w.org\/{rel}","templated":true}]}}