{"id":1017,"date":"2021-08-08T15:43:07","date_gmt":"2021-08-08T15:43:07","guid":{"rendered":"http:\/\/billdals.se\/?page_id=1017"},"modified":"2023-10-13T07:58:12","modified_gmt":"2023-10-13T07:58:12","slug":"betong","status":"publish","type":"page","link":"https:\/\/billdals.se\/en\/otherwise\/","title":{"rendered":"Concrete"},"content":{"rendered":"<div data-elementor-type=\"wp-page\" data-elementor-id=\"1017\" class=\"elementor elementor-1017\" data-elementor-post-type=\"page\">\n\t\t\t\t\t\t\t\t\t<section class=\"elementor-section elementor-top-section elementor-element elementor-element-40e1afc elementor-section-height-min-height elementor-section-boxed elementor-section-height-default elementor-section-items-middle\" data-id=\"40e1afc\" data-element_type=\"section\" data-settings=\"{&quot;background_background&quot;:&quot;classic&quot;}\">\n\t\t\t\t\t\t\t<div class=\"elementor-background-overlay\"><\/div>\n\t\t\t\t\t\t\t<div class=\"elementor-container elementor-column-gap-default\">\n\t\t\t\t\t<div class=\"elementor-column elementor-col-100 elementor-top-column elementor-element elementor-element-48bd75d\" data-id=\"48bd75d\" data-element_type=\"column\">\n\t\t\t<div class=\"elementor-widget-wrap elementor-element-populated\">\n\t\t\t\t\t\t\t\t\t<\/div>\n\t\t<\/div>\n\t\t\t\t\t\t\t<\/div>\n\t\t<\/section>\n\t\t\t\t<section class=\"elementor-section elementor-top-section elementor-element elementor-element-2406d65 elementor-section-height-min-height elementor-reverse-tablet elementor-reverse-mobile elementor-section-boxed elementor-section-height-default elementor-section-items-middle\" data-id=\"2406d65\" data-element_type=\"section\">\n\t\t\t\t\t\t<div class=\"elementor-container elementor-column-gap-no\">\n\t\t\t\t\t<div class=\"elementor-column elementor-col-50 elementor-top-column elementor-element elementor-element-65aa158\" data-id=\"65aa158\" data-element_type=\"column\">\n\t\t\t<div class=\"elementor-widget-wrap elementor-element-populated\">\n\t\t\t\t\t\t\t\t<div class=\"elementor-element elementor-element-7af3b34 elementor-skin-carousel elementor-arrows-yes elementor-pagination-type-bullets elementor-pagination-position-outside elementor-widget elementor-widget-media-carousel\" data-id=\"7af3b34\" data-element_type=\"widget\" data-settings=\"{&quot;effect&quot;:&quot;fade&quot;,&quot;skin&quot;:&quot;carousel&quot;,&quot;show_arrows&quot;:&quot;yes&quot;,&quot;pagination&quot;:&quot;bullets&quot;,&quot;speed&quot;:500,&quot;autoplay&quot;:&quot;yes&quot;,&quot;autoplay_speed&quot;:5000,&quot;loop&quot;:&quot;yes&quot;,&quot;pause_on_hover&quot;:&quot;yes&quot;,&quot;pause_on_interaction&quot;:&quot;yes&quot;,&quot;space_between&quot;:{&quot;unit&quot;:&quot;px&quot;,&quot;size&quot;:10,&quot;sizes&quot;:[]},&quot;space_between_tablet&quot;:{&quot;unit&quot;:&quot;px&quot;,&quot;size&quot;:10,&quot;sizes&quot;:[]},&quot;space_between_mobile&quot;:{&quot;unit&quot;:&quot;px&quot;,&quot;size&quot;:10,&quot;sizes&quot;:[]}}\" data-widget_type=\"media-carousel.default\">\n\t\t\t\t<div class=\"elementor-widget-container\">\n\t\t\t\t\t<div class=\"elementor-swiper\">\n\t\t\t<div class=\"elementor-main-swiper swiper-container\">\n\t\t\t\t<div class=\"swiper-wrapper\">\n\t\t\t\t\t\t\t\t\t\t\t<div class=\"swiper-slide\">\n\t\t\t\t\t\t\t\t\t<div class=\"elementor-carousel-image\" role=\"img\" aria-label=\"DJI_0154\" style=\"background-image: url(&#039;https:\/\/billdals.se\/wp-content\/uploads\/2023\/10\/DJI_0154.jpg&#039;)\">\n\n\t\t\t\n\t\t\t\t\t<\/div>\n\t\t\t\t\t\t\t\t<\/div>\n\t\t\t\t\t\t\t\t\t\t\t<div class=\"swiper-slide\">\n\t\t\t\t\t\t\t\t\t<div class=\"elementor-carousel-image\" role=\"img\" aria-label=\"DSC06423\" style=\"background-image: url(&#039;https:\/\/billdals.se\/wp-content\/uploads\/2023\/10\/DSC06423.jpg&#039;)\">\n\n\t\t\t\n\t\t\t\t\t<\/div>\n\t\t\t\t\t\t\t\t<\/div>\n\t\t\t\t\t\t\t\t\t\t\t<div class=\"swiper-slide\">\n\t\t\t\t\t\t\t\t\t<div class=\"elementor-carousel-image\" role=\"img\" aria-label=\"DJI_0159\" style=\"background-image: url(&#039;https:\/\/billdals.se\/wp-content\/uploads\/2023\/10\/DJI_0159.jpg&#039;)\">\n\n\t\t\t\n\t\t\t\t\t<\/div>\n\t\t\t\t\t\t\t\t<\/div>\n\t\t\t\t\t\t\t\t\t\t\t<div class=\"swiper-slide\">\n\t\t\t\t\t\t\t\t\t<div class=\"elementor-carousel-image\" role=\"img\" aria-label=\"DJI_0158\" style=\"background-image: url(&#039;https:\/\/billdals.se\/wp-content\/uploads\/2023\/10\/DJI_0158.jpg&#039;)\">\n\n\t\t\t\n\t\t\t\t\t<\/div>\n\t\t\t\t\t\t\t\t<\/div>\n\t\t\t\t\t\t\t\t\t\t\t<div class=\"swiper-slide\">\n\t\t\t\t\t\t\t\t\t<div class=\"elementor-carousel-image\" role=\"img\" aria-label=\"DJI_0151\" style=\"background-image: url(&#039;https:\/\/billdals.se\/wp-content\/uploads\/2023\/10\/DJI_0151.jpg&#039;)\">\n\n\t\t\t\n\t\t\t\t\t<\/div>\n\t\t\t\t\t\t\t\t<\/div>\n\t\t\t\t\t\t\t\t\t<\/div>\n\t\t\t\t\t\t\t\t\t\t\t\t\t\t\t<div class=\"swiper-pagination\"><\/div>\n\t\t\t\t\t\t\t\t\t\t\t\t\t\t\t\t<div class=\"elementor-swiper-button elementor-swiper-button-prev\" role=\"button\" tabindex=\"0\">\n\t\t\t\t\t\t\t<i aria-hidden=\"true\" class=\"eicon-chevron-left\"><\/i>\t\t\t\t\t\t\t<span class=\"elementor-screen-only\">Previous<\/span>\n\t\t\t\t\t\t<\/div>\n\t\t\t\t\t\t<div class=\"elementor-swiper-button elementor-swiper-button-next\" role=\"button\" tabindex=\"0\">\n\t\t\t\t\t\t\t<i aria-hidden=\"true\" class=\"eicon-chevron-right\"><\/i>\t\t\t\t\t\t\t<span class=\"elementor-screen-only\">Next<\/span>\n\t\t\t\t\t\t<\/div>\n\t\t\t\t\t\t\t\t\t\t\t\t<\/div>\n\t\t<\/div>\n\t\t\t\t<\/div>\n\t\t\t\t<\/div>\n\t\t\t\t\t<\/div>\n\t\t<\/div>\n\t\t\t\t<div class=\"elementor-column elementor-col-50 elementor-top-column elementor-element elementor-element-6cedb25\" data-id=\"6cedb25\" data-element_type=\"column\">\n\t\t\t<div class=\"elementor-widget-wrap elementor-element-populated\">\n\t\t\t\t\t\t\t\t<div class=\"elementor-element elementor-element-4a6a220 elementor-widget elementor-widget-text-editor\" data-id=\"4a6a220\" data-element_type=\"widget\" data-widget_type=\"text-editor.default\">\n\t\t\t\t<div class=\"elementor-widget-container\">\n\t\t\t\t\t\t\t<p>With us, we combine the beauty of garden design with the durable elegance of concrete. We understand that a garden is much more than just plants and flowers \u2013 it is a living outdoor environment that can be enhanced by creative and functional designs.<\/p><p>We specialize in creating unique and customized solutions for gardens through the use of concrete. Concrete is a versatile material that allows us to create everything from elegant paving and decorative elements to functional and durable structures. Our goal is to integrate the possibilities of concrete in a way that complements your garden and transforms it into an extraordinary outdoor environment.<\/p><p>Our experienced design and construction team is here to collaborate with you and create customized solutions. Whether you desire a modern concrete patio, beautiful concrete walkways or cast-in-place features, we are here to realize your visions and create gardens that are both functional and aesthetically pleasing.<\/p><p>Contact us today to discuss your ideas and visions. Let&#039;s create a garden together where the concrete structures become artistic elements and an integral part of your fantastic outdoor environment.<\/p>\t\t\t\t\t\t<\/div>\n\t\t\t\t<\/div>\n\t\t\t\t<div class=\"elementor-element elementor-element-7bfc5a2 elementor-align-justify elementor-widget elementor-widget-button\" data-id=\"7bfc5a2\" data-element_type=\"widget\" data-widget_type=\"button.default\">\n\t\t\t\t<div class=\"elementor-widget-container\">\n\t\t\t\t\t<div class=\"elementor-button-wrapper\">\n\t\t\t<a class=\"elementor-button elementor-button-link elementor-size-md\" href=\"https:\/\/billdals.se\/en\/contact\/\">\n\t\t\t\t\t\t<span class=\"elementor-button-content-wrapper\">\n\t\t\t\t\t\t<span class=\"elementor-button-text\">Contact Us <\/span>\n\t\t<\/span>\n\t\t\t\t\t<\/a>\n\t\t<\/div>\n\t\t\t\t<\/div>\n\t\t\t\t<\/div>\n\t\t\t\t\t<\/div>\n\t\t<\/div>\n\t\t\t\t\t\t\t<\/div>\n\t\t<\/section>\n\t\t\t\t\t\t\t<\/div>","protected":false},"excerpt":{"rendered":"<p>Previous Next With us, we combine the beauty of garden design with the durable elegance of concrete. We understand that a garden is much more than just plants and flowers \u2013 it is a living outdoor environment that can be enhanced by creative and functional designs. We specialize in creating unique and customized solutions for gardens through [...]<\/p>","protected":false},"author":1,"featured_media":0,"parent":0,"menu_order":0,"comment_status":"closed","ping_status":"closed","template":"","meta":{"footnotes":""},"class_list":["post-1017","page","type-page","status-publish","hentry","entry"],"acf":[],"yoast_head":"<!-- This site is optimized with the Yoast SEO plugin v21.4 - https:\/\/yoast.com\/wordpress\/plugins\/seo\/ -->\n<title>Betong - Billdals<\/title>\n<meta name=\"robots\" content=\"index, follow, max-snippet:-1, max-image-preview:large, max-video-preview:-1\" \/>\n<link rel=\"canonical\" href=\"https:\/\/billdals.se\/en\/betong\/\" \/>\n<meta property=\"og:locale\" content=\"en_US\" \/>\n<meta property=\"og:type\" content=\"article\" \/>\n<meta property=\"og:title\" content=\"Betong - Billdals\" \/>\n<meta property=\"og:description\" content=\"Previous Next Hos oss f\u00f6renar vi sk\u00f6nheten i tr\u00e4dg\u00e5rdsdesign med den h\u00e5llbara elegansen hos betong. Vi f\u00f6rst\u00e5r att en tr\u00e4dg\u00e5rd \u00e4r mycket mer \u00e4n bara v\u00e4xter och blommor \u2013 det \u00e4r en levande utomhusmilj\u00f6 som kan f\u00f6rb\u00e4ttras av kreativa och funktionella konstruktioner. Vi specialiserar oss p\u00e5 att skapa unika och anpassade l\u00f6sningar f\u00f6r tr\u00e4dg\u00e5rdar genom [&hellip;]\" \/>\n<meta property=\"og:url\" content=\"https:\/\/billdals.se\/en\/betong\/\" \/>\n<meta property=\"og:site_name\" content=\"Billdals\" \/>\n<meta property=\"article:modified_time\" content=\"2023-10-13T07:58:12+00:00\" \/>\n<meta name=\"twitter:card\" content=\"summary_large_image\" \/>\n<meta name=\"twitter:label1\" content=\"Est. reading time\" \/>\n\t<meta name=\"twitter:data1\" content=\"1 minute\" \/>\n<script type=\"application\/ld+json\" class=\"yoast-schema-graph\">{\"@context\":\"https:\/\/schema.org\",\"@graph\":[{\"@type\":\"WebPage\",\"@id\":\"https:\/\/billdals.se\/sv\/betong\/\",\"url\":\"https:\/\/billdals.se\/sv\/betong\/\",\"name\":\"Betong - Billdals\",\"isPartOf\":{\"@id\":\"https:\/\/billdals.se\/sv\/#website\"},\"datePublished\":\"2021-08-08T15:43:07+00:00\",\"dateModified\":\"2023-10-13T07:58:12+00:00\",\"breadcrumb\":{\"@id\":\"https:\/\/billdals.se\/sv\/betong\/#breadcrumb\"},\"inLanguage\":\"en-AU\",\"potentialAction\":[{\"@type\":\"ReadAction\",\"target\":[\"https:\/\/billdals.se\/sv\/betong\/\"]}]},{\"@type\":\"BreadcrumbList\",\"@id\":\"https:\/\/billdals.se\/sv\/betong\/#breadcrumb\",\"itemListElement\":[{\"@type\":\"ListItem\",\"position\":1,\"name\":\"Home\",\"item\":\"https:\/\/billdals.se\/\"},{\"@type\":\"ListItem\",\"position\":2,\"name\":\"Betong\"}]},{\"@type\":\"WebSite\",\"@id\":\"https:\/\/billdals.se\/sv\/#website\",\"url\":\"https:\/\/billdals.se\/sv\/\",\"name\":\"Billdals\",\"description\":\"\",\"publisher\":{\"@id\":\"https:\/\/billdals.se\/sv\/#organization\"},\"potentialAction\":[{\"@type\":\"SearchAction\",\"target\":{\"@type\":\"EntryPoint\",\"urlTemplate\":\"https:\/\/billdals.se\/sv\/?s={search_term_string}\"},\"query-input\":\"required name=search_term_string\"}],\"inLanguage\":\"en-AU\"},{\"@type\":\"Organization\",\"@id\":\"https:\/\/billdals.se\/sv\/#organization\",\"name\":\"Billdals\",\"url\":\"https:\/\/billdals.se\/sv\/\",\"logo\":{\"@type\":\"ImageObject\",\"inLanguage\":\"en-AU\",\"@id\":\"https:\/\/billdals.se\/sv\/#\/schema\/logo\/image\/\",\"url\":\"https:\/\/billdals.se\/wp-content\/uploads\/2023\/09\/cropped-billdals_gron_botten.png\",\"contentUrl\":\"https:\/\/billdals.se\/wp-content\/uploads\/2023\/09\/cropped-billdals_gron_botten.png\",\"width\":512,\"height\":512,\"caption\":\"Billdals\"},\"image\":{\"@id\":\"https:\/\/billdals.se\/sv\/#\/schema\/logo\/image\/\"}}]}<\/script>\n<!-- \/ Yoast SEO plugin. -->","yoast_head_json":{"title":"Betong - Billdals","robots":{"index":"index","follow":"follow","max-snippet":"max-snippet:-1","max-image-preview":"max-image-preview:large","max-video-preview":"max-video-preview:-1"},"canonical":"https:\/\/billdals.se\/en\/betong\/","og_locale":"en_US","og_type":"article","og_title":"Betong - Billdals","og_description":"Previous Next Hos oss f\u00f6renar vi sk\u00f6nheten i tr\u00e4dg\u00e5rdsdesign med den h\u00e5llbara elegansen hos betong. Vi f\u00f6rst\u00e5r att en tr\u00e4dg\u00e5rd \u00e4r mycket mer \u00e4n bara v\u00e4xter och blommor \u2013 det \u00e4r en levande utomhusmilj\u00f6 som kan f\u00f6rb\u00e4ttras av kreativa och funktionella konstruktioner. Vi specialiserar oss p\u00e5 att skapa unika och anpassade l\u00f6sningar f\u00f6r tr\u00e4dg\u00e5rdar genom [&hellip;]","og_url":"https:\/\/billdals.se\/en\/betong\/","og_site_name":"Billdals","article_modified_time":"2023-10-13T07:58:12+00:00","twitter_card":"summary_large_image","twitter_misc":{"Est. reading time":"1 minute"},"schema":{"@context":"https:\/\/schema.org","@graph":[{"@type":"WebPage","@id":"https:\/\/billdals.se\/sv\/betong\/","url":"https:\/\/billdals.se\/sv\/betong\/","name":"Betong - Billdals","isPartOf":{"@id":"https:\/\/billdals.se\/sv\/#website"},"datePublished":"2021-08-08T15:43:07+00:00","dateModified":"2023-10-13T07:58:12+00:00","breadcrumb":{"@id":"https:\/\/billdals.se\/sv\/betong\/#breadcrumb"},"inLanguage":"en-AU","potentialAction":[{"@type":"ReadAction","target":["https:\/\/billdals.se\/sv\/betong\/"]}]},{"@type":"BreadcrumbList","@id":"https:\/\/billdals.se\/sv\/betong\/#breadcrumb","itemListElement":[{"@type":"ListItem","position":1,"name":"Home","item":"https:\/\/billdals.se\/"},{"@type":"ListItem","position":2,"name":"Betong"}]},{"@type":"WebSite","@id":"https:\/\/billdals.se\/sv\/#website","url":"https:\/\/billdals.se\/sv\/","name":"Billdals","description":"","publisher":{"@id":"https:\/\/billdals.se\/sv\/#organization"},"potentialAction":[{"@type":"SearchAction","target":{"@type":"EntryPoint","urlTemplate":"https:\/\/billdals.se\/sv\/?s={search_term_string}"},"query-input":"required name=search_term_string"}],"inLanguage":"en-AU"},{"@type":"Organization","@id":"https:\/\/billdals.se\/sv\/#organization","name":"Billdals","url":"https:\/\/billdals.se\/sv\/","logo":{"@type":"ImageObject","inLanguage":"en-AU","@id":"https:\/\/billdals.se\/sv\/#\/schema\/logo\/image\/","url":"https:\/\/billdals.se\/wp-content\/uploads\/2023\/09\/cropped-billdals_gron_botten.png","contentUrl":"https:\/\/billdals.se\/wp-content\/uploads\/2023\/09\/cropped-billdals_gron_botten.png","width":512,"height":512,"caption":"Billdals"},"image":{"@id":"https:\/\/billdals.se\/sv\/#\/schema\/logo\/image\/"}}]}},"_links":{"self":[{"href":"https:\/\/billdals.se\/en\/wp-json\/wp\/v2\/pages\/1017","targetHints":{"allow":["GET"]}}],"collection":[{"href":"https:\/\/billdals.se\/en\/wp-json\/wp\/v2\/pages"}],"about":[{"href":"https:\/\/billdals.se\/en\/wp-json\/wp\/v2\/types\/page"}],"author":[{"embeddable":true,"href":"https:\/\/billdals.se\/en\/wp-json\/wp\/v2\/users\/1"}],"replies":[{"embeddable":true,"href":"https:\/\/billdals.se\/en\/wp-json\/wp\/v2\/comments?post=1017"}],"version-history":[{"count":26,"href":"https:\/\/billdals.se\/en\/wp-json\/wp\/v2\/pages\/1017\/revisions"}],"predecessor-version":[{"id":2520,"href":"https:\/\/billdals.se\/en\/wp-json\/wp\/v2\/pages\/1017\/revisions\/2520"}],"wp:attachment":[{"href":"https:\/\/billdals.se\/en\/wp-json\/wp\/v2\/media?parent=1017"}],"curies":[{"name":"wp","href":"https:\/\/api.w.org\/{rel}","templated":true}]}}